{"id":1541,"date":"2024-10-27T11:38:29","date_gmt":"2024-10-27T11:38:29","guid":{"rendered":"https:\/\/thespingranny.com\/privacy-policy\/"},"modified":"2026-02-02T10:43:22","modified_gmt":"2026-02-02T10:43:22","slug":"politica-de-privacidad","status":"publish","type":"page","link":"https:\/\/thespingranny.com\/es\/politica-de-privacidad\/","title":{"rendered":"Pol\u00edtica de Privacidad"},"content":{"rendered":"<p><\/p>\r\n<h1 class=\"wp-block-heading\">Pol\u00edtica de Privacidad<\/h1>\r\n<h2>Qui\u00e9nes somos<\/h2>\r\n<p>La direcci\u00f3n de nuestro sitio web es: <a href=\"https:\/\/thespingranny.com\/\">https:\/\/thespingranny.com\/<\/a>.<\/p>\r\n<h2>Comentarios<\/h2>\r\n<p>Cuando los visitantes dejan comentarios en el sitio, recopilamos los datos mostrados en el formulario de comentarios, as\u00ed como la direcci\u00f3n IP del visitante y la cadena del agente de usuario para ayudar a la detecci\u00f3n de spam.<\/p>\r\n<p>Un string anonimizado creado a partir de tu direcci\u00f3n de correo electr\u00f3nico (tambi\u00e9n llamado hash) puede ser proporcionado al servicio Gravatar para ver si lo est\u00e1s utilizando. La pol\u00edtica de privacidad de Gravatar est\u00e1 disponible aqu\u00ed: https:\/\/automattic.com\/privacy\/. Una vez que tu comentario sea aprobado, tu foto de perfil ser\u00e1 visible p\u00fablicamente en el contexto de tu comentario.<\/p>\r\n<h2>Archivos multimedia<\/h2>\r\n<p>Si subes im\u00e1genes al sitio, debes evitar subir im\u00e1genes con datos de ubicaci\u00f3n incrustados (EXIF GPS). Los visitantes del sitio pueden descargar y extraer cualquier dato de ubicaci\u00f3n de las im\u00e1genes en el sitio.<\/p>\r\n<h2>Cookies<\/h2>\r\n<p>Si dejas un comentario en nuestro sitio, puedes optar por guardar tu nombre, direcci\u00f3n de correo electr\u00f3nico y sitio web en cookies. Esto es por tu conveniencia para que no tengas que rellenar tus datos nuevamente cuando dejes un pr\u00f3ximo comentario. Estas cookies durar\u00e1n 1 a\u00f1o.<\/p>\r\n<p>Si tienes una cuenta en el sitio y inicias sesi\u00f3n, estableceremos una cookie temporal para determinar si tu navegador soporta cookies. Esta cookie no contiene datos personales y se elimina cuando cierras tu navegador.<\/p>\r\n<p>Cuando inicies sesi\u00f3n, tambi\u00e9n estableceremos varias cookies para guardar la informaci\u00f3n de tu inicio de sesi\u00f3n y las configuraciones de pantalla. Las cookies de inicio de sesi\u00f3n durar\u00e1n 2 d\u00edas, y las cookies de configuraci\u00f3n de pantalla durar\u00e1n 1 a\u00f1o. Si seleccionas &#8220;Recu\u00e9rdame&#8221;, tu sesi\u00f3n durar\u00e1 2 semanas. Si cierras sesi\u00f3n en tu cuenta, las cookies de inicio de sesi\u00f3n ser\u00e1n eliminadas.<\/p>\r\n<p>Si editas o publicas un art\u00edculo, se guardar\u00e1 una cookie adicional en tu navegador. Esta cookie no contiene datos personales y simplemente indica el ID de la publicaci\u00f3n del art\u00edculo que acabas de editar. Expira en 1 d\u00eda.<\/p>\r\n<h2>Contenido incrustado de otros sitios web<\/h2>\r\n<p>Los art\u00edculos en este sitio pueden contener contenido incrustado (por ejemplo, videos, im\u00e1genes, art\u00edculos, etc.). El contenido incrustado de otros sitios web se comporta de la misma manera que si el usuario hubiera visitado el otro sitio web.<\/p>\r\n<p>Estos sitios pueden recopilar datos sobre ti, usar cookies, incrustar aplicaciones de seguimiento de terceros y rastrear tu interacci\u00f3n con ese contenido incrustado. En particular, rastrean tu interacci\u00f3n con el contenido incrustado si tienes una cuenta y est\u00e1s conectado a ese sitio web.<\/p>\r\n<h2>\u00bfCon qui\u00e9n compartimos tus datos?<\/h2>\r\n<p>Si solicitas un restablecimiento de contrase\u00f1a, tu direcci\u00f3n IP ser\u00e1 incluida en el correo electr\u00f3nico de restablecimiento de contrase\u00f1a.<\/p>\r\n<h2>\u00bfCu\u00e1nto tiempo conservamos tus datos?<\/h2>\r\n<p>Si dejas un comentario, el comentario y sus metadatos se almacenan indefinidamente. Esto nos permite identificar y aprobar autom\u00e1ticamente cualquier comentario posterior en lugar de mantenerlos en una cola de moderaci\u00f3n.<\/p>\r\n<p>Para los usuarios que se registran en nuestro sitio (si los hay), almacenamos la informaci\u00f3n personal que proporcionan en su perfil de usuario. Todos los usuarios pueden ver, editar o eliminar su informaci\u00f3n personal en cualquier momento (excepto que no pueden cambiar su nombre de usuario). Los administradores del sitio tambi\u00e9n pueden ver y editar esa informaci\u00f3n.<\/p>\r\n<h2>\u00bfCu\u00e1les son tus derechos respecto a tus datos?<\/h2>\r\n<p>Si tienes una cuenta en este sitio, o has dejado comentarios, puedes solicitar recibir un archivo exportado de los datos personales que tenemos sobre ti, incluidos los datos que nos hayas proporcionado. Tambi\u00e9n puedes solicitar que borremos los datos personales que tenemos sobre ti. Esto no incluye los datos que estamos obligados a conservar por motivos administrativos, legales o de seguridad.<\/p>\r\n<h2>\u00bfD\u00f3nde se env\u00edan tus datos?<\/h2>\r\n<p>Los comentarios de los visitantes pueden ser revisados a trav\u00e9s de un servicio automatizado de detecci\u00f3n de spam.<\/p>\r\n<p><\/p>","protected":false},"excerpt":{"rendered":"<p>Pol\u00edtica de Privacidad Qui\u00e9nes somos La direcci\u00f3n de nuestro sitio web es: https:\/\/thespingranny.com\/. Comentarios Cuando los visitantes dejan comentarios en el sitio, recopilamos los datos mostrados en el formulario de comentarios, as\u00ed como la direcci\u00f3n IP del visitante y la cadena del agente de usuario para ayudar a la detecci\u00f3n de spam. Un string anonimizado [&hellip;]<\/p>\n","protected":false},"author":1,"featured_media":0,"parent":0,"menu_order":0,"comment_status":"closed","ping_status":"open","template":"template-builder.php","meta":{"_acf_changed":false,"inline_featured_image":false,"footnotes":""},"class_list":["post-1541","page","type-page","status-publish","hentry"],"acf":[],"yoast_head":"<!-- This site is optimized with the Yoast SEO plugin v24.4 - https:\/\/yoast.com\/wordpress\/plugins\/seo\/ -->\n<title>Pol\u00edtica de Privacidad<\/title>\n<meta name=\"description\" content=\"Descubra la Pol\u00edtica de privacidad de Spingranny Casino: c\u00f3mo se recopilan, utilizan y protegen sus datos personales para garantizarle una experiencia de juego segura.\" \/>\n<meta name=\"robots\" content=\"noindex, follow\" \/>\n<meta property=\"og:locale\" content=\"es_ES\" \/>\n<meta property=\"og:type\" content=\"article\" \/>\n<meta property=\"og:title\" content=\"Pol\u00edtica de Privacidad\" \/>\n<meta property=\"og:description\" content=\"Descubra la Pol\u00edtica de privacidad de Spingranny Casino: c\u00f3mo se recopilan, utilizan y protegen sus datos personales para garantizarle una experiencia de juego segura.\" \/>\n<meta property=\"og:url\" content=\"https:\/\/thespingranny.com\/es\/politica-de-privacidad\/\" \/>\n<meta property=\"og:site_name\" content=\"SpinGranny\" \/>\n<meta property=\"article:modified_time\" content=\"2026-02-02T10:43:22+00:00\" \/>\n<meta name=\"twitter:card\" content=\"summary_large_image\" \/>\n<meta name=\"twitter:label1\" content=\"Est. reading time\" \/>\n\t<meta name=\"twitter:data1\" content=\"3 minutes\" \/>\n<script type=\"application\/ld+json\" class=\"yoast-schema-graph\">{\"@context\":\"https:\/\/schema.org\",\"@graph\":[{\"@type\":\"WebPage\",\"@id\":\"https:\/\/thespingranny.com\/es\/politica-de-privacidad\/\",\"url\":\"https:\/\/thespingranny.com\/es\/politica-de-privacidad\/\",\"name\":\"Pol\u00edtica de Privacidad\",\"isPartOf\":{\"@id\":\"https:\/\/thespingranny.com\/es\/#website\"},\"datePublished\":\"2024-10-27T11:38:29+00:00\",\"dateModified\":\"2026-02-02T10:43:22+00:00\",\"description\":\"Descubra la Pol\u00edtica de privacidad de Spingranny Casino: c\u00f3mo se recopilan, utilizan y protegen sus datos personales para garantizarle una experiencia de juego segura.\",\"breadcrumb\":{\"@id\":\"https:\/\/thespingranny.com\/es\/politica-de-privacidad\/#breadcrumb\"},\"inLanguage\":\"es-ES\",\"potentialAction\":[{\"@type\":\"ReadAction\",\"target\":[\"https:\/\/thespingranny.com\/es\/politica-de-privacidad\/\"]}]},{\"@type\":\"BreadcrumbList\",\"@id\":\"https:\/\/thespingranny.com\/es\/politica-de-privacidad\/#breadcrumb\",\"itemListElement\":[{\"@type\":\"ListItem\",\"position\":1,\"name\":\"Spingranny\",\"item\":\"https:\/\/thespingranny.com\/es\/\"},{\"@type\":\"ListItem\",\"position\":2,\"name\":\"Pol\u00edtica de Privacidad\"}]},{\"@type\":\"WebSite\",\"@id\":\"https:\/\/thespingranny.com\/es\/#website\",\"url\":\"https:\/\/thespingranny.com\/es\/\",\"name\":\"Spingranny\",\"description\":\"\",\"publisher\":{\"@id\":\"https:\/\/thespingranny.com\/es\/#organization\"},\"potentialAction\":[{\"@type\":\"SearchAction\",\"target\":{\"@type\":\"EntryPoint\",\"urlTemplate\":\"https:\/\/thespingranny.com\/es\/?s={search_term_string}\"},\"query-input\":{\"@type\":\"PropertyValueSpecification\",\"valueRequired\":true,\"valueName\":\"search_term_string\"}}],\"inLanguage\":\"es-ES\"},{\"@type\":\"Organization\",\"@id\":\"https:\/\/thespingranny.com\/es\/#organization\",\"name\":\"Spingranny\",\"url\":\"https:\/\/thespingranny.com\/es\/\",\"logo\":{\"@type\":\"ImageObject\",\"inLanguage\":\"es-ES\",\"@id\":\"https:\/\/thespingranny.com\/es\/#\/schema\/logo\/image\/\",\"url\":\"https:\/\/thespingranny.com\/wp-content\/uploads\/2025\/04\/80u1FaquEZeR6OUTeJCc.svg\",\"contentUrl\":\"https:\/\/thespingranny.com\/wp-content\/uploads\/2025\/04\/80u1FaquEZeR6OUTeJCc.svg\",\"width\":129,\"height\":26,\"caption\":\"Spingranny\"},\"image\":{\"@id\":\"https:\/\/thespingranny.com\/es\/#\/schema\/logo\/image\/\"}}]}<\/script>\n<!-- \/ Yoast SEO plugin. -->","yoast_head_json":{"title":"Pol\u00edtica de Privacidad","description":"Descubra la Pol\u00edtica de privacidad de Spingranny Casino: c\u00f3mo se recopilan, utilizan y protegen sus datos personales para garantizarle una experiencia de juego segura.","robots":{"index":"noindex","follow":"follow"},"og_locale":"es_ES","og_type":"article","og_title":"Pol\u00edtica de Privacidad","og_description":"Descubra la Pol\u00edtica de privacidad de Spingranny Casino: c\u00f3mo se recopilan, utilizan y protegen sus datos personales para garantizarle una experiencia de juego segura.","og_url":"https:\/\/thespingranny.com\/es\/politica-de-privacidad\/","og_site_name":"SpinGranny","article_modified_time":"2026-02-02T10:43:22+00:00","twitter_card":"summary_large_image","twitter_misc":{"Est. reading time":"3 minutes"},"schema":{"@context":"https:\/\/schema.org","@graph":[{"@type":"WebPage","@id":"https:\/\/thespingranny.com\/es\/politica-de-privacidad\/","url":"https:\/\/thespingranny.com\/es\/politica-de-privacidad\/","name":"Pol\u00edtica de Privacidad","isPartOf":{"@id":"https:\/\/thespingranny.com\/es\/#website"},"datePublished":"2024-10-27T11:38:29+00:00","dateModified":"2026-02-02T10:43:22+00:00","description":"Descubra la Pol\u00edtica de privacidad de Spingranny Casino: c\u00f3mo se recopilan, utilizan y protegen sus datos personales para garantizarle una experiencia de juego segura.","breadcrumb":{"@id":"https:\/\/thespingranny.com\/es\/politica-de-privacidad\/#breadcrumb"},"inLanguage":"es-ES","potentialAction":[{"@type":"ReadAction","target":["https:\/\/thespingranny.com\/es\/politica-de-privacidad\/"]}]},{"@type":"BreadcrumbList","@id":"https:\/\/thespingranny.com\/es\/politica-de-privacidad\/#breadcrumb","itemListElement":[{"@type":"ListItem","position":1,"name":"Spingranny","item":"https:\/\/thespingranny.com\/es\/"},{"@type":"ListItem","position":2,"name":"Pol\u00edtica de Privacidad"}]},{"@type":"WebSite","@id":"https:\/\/thespingranny.com\/es\/#website","url":"https:\/\/thespingranny.com\/es\/","name":"Spingranny","description":"","publisher":{"@id":"https:\/\/thespingranny.com\/es\/#organization"},"potentialAction":[{"@type":"SearchAction","target":{"@type":"EntryPoint","urlTemplate":"https:\/\/thespingranny.com\/es\/?s={search_term_string}"},"query-input":{"@type":"PropertyValueSpecification","valueRequired":true,"valueName":"search_term_string"}}],"inLanguage":"es-ES"},{"@type":"Organization","@id":"https:\/\/thespingranny.com\/es\/#organization","name":"Spingranny","url":"https:\/\/thespingranny.com\/es\/","logo":{"@type":"ImageObject","inLanguage":"es-ES","@id":"https:\/\/thespingranny.com\/es\/#\/schema\/logo\/image\/","url":"https:\/\/thespingranny.com\/wp-content\/uploads\/2025\/04\/80u1FaquEZeR6OUTeJCc.svg","contentUrl":"https:\/\/thespingranny.com\/wp-content\/uploads\/2025\/04\/80u1FaquEZeR6OUTeJCc.svg","width":129,"height":26,"caption":"Spingranny"},"image":{"@id":"https:\/\/thespingranny.com\/es\/#\/schema\/logo\/image\/"}}]}},"_links":{"self":[{"href":"https:\/\/thespingranny.com\/es\/wp-json\/wp\/v2\/pages\/1541","targetHints":{"allow":["GET"]}}],"collection":[{"href":"https:\/\/thespingranny.com\/es\/wp-json\/wp\/v2\/pages"}],"about":[{"href":"https:\/\/thespingranny.com\/es\/wp-json\/wp\/v2\/types\/page"}],"author":[{"embeddable":true,"href":"https:\/\/thespingranny.com\/es\/wp-json\/wp\/v2\/users\/1"}],"replies":[{"embeddable":true,"href":"https:\/\/thespingranny.com\/es\/wp-json\/wp\/v2\/comments?post=1541"}],"version-history":[{"count":2,"href":"https:\/\/thespingranny.com\/es\/wp-json\/wp\/v2\/pages\/1541\/revisions"}],"predecessor-version":[{"id":2066,"href":"https:\/\/thespingranny.com\/es\/wp-json\/wp\/v2\/pages\/1541\/revisions\/2066"}],"wp:attachment":[{"href":"https:\/\/thespingranny.com\/es\/wp-json\/wp\/v2\/media?parent=1541"}],"curies":[{"name":"wp","href":"https:\/\/api.w.org\/{rel}","templated":true}]}}